{"id":736,"date":"2023-03-29T17:01:38","date_gmt":"2023-03-29T15:01:38","guid":{"rendered":"https:\/\/www.griba.it\/kontakt-anfahrt\/"},"modified":"2026-02-03T15:48:32","modified_gmt":"2026-02-03T14:48:32","slug":"contatto-e-indirizzo","status":"publish","type":"page","link":"https:\/\/www.griba.it\/it\/contatto-e-indirizzo\/","title":{"rendered":"Contatti e Indirizzo"},"content":{"rendered":"<p><strong>La sede centrale<\/strong><\/p>\n<p>La nostra sede si trova a Bolzano, al centro dell&#8217;Alto Adige.<br \/>\nQui vengono gestite le vendite, la logistica, la contabilit\u00e0, l&#8217;amministrazione e il marketing.<\/p>\n<p><strong>Magazzino<br \/>\n<\/strong>Il nostro magazzino delle piante si trova a Bonferraro. Qui le piante estirpate vengono direttamente selezionate, imballate e irrigate.<br \/>\nIn stretto scambio con i soci e il team locale viene gestita anche la consegna e l&#8217;esportazione in tutto il mondo.<\/p>\n<p><strong>Orari di apertura<br \/>\n<\/strong>Dal luned\u00ec al venerd\u00ec, dalle 08:00 alle 12:00 e dalle 13:30 alle 17:30.<\/p>\n<p>Durante i mesi estivi abbiamo orari di apertura diversi:<\/p>\n<p>Dal luned\u00ec al gioved\u00ec, dalle 08:00 alle 12:00 e dalle 13:30 alle 17:30. Venerd\u00ec pomeriggio l`ufficio rimarr\u00e0 chiuso.<\/p>\n","protected":false},"excerpt":{"rendered":"<p>La sede centrale La nostra sede si trova a Bolzano, al centro dell&#8217;Alto Adige. Qui vengono gestite le vendite, la logistica, la contabilit\u00e0, l&#8217;amministrazione e il marketing. Magazzino Il nostro magazzino delle piante si trova a Bonferraro. Qui le piante estirpate vengono direttamente selezionate, imballate e irrigate. In stretto scambio con i soci e il [&hellip;]<\/p>\n","protected":false},"author":1,"featured_media":493,"parent":0,"menu_order":0,"comment_status":"closed","ping_status":"closed","template":"template-kontakt.php","meta":{"_acf_changed":false,"inline_featured_image":false,"footnotes":""},"class_list":["post-736","page","type-page","status-publish","has-post-thumbnail","hentry"],"acf":[],"yoast_head":"<!-- This site is optimized with the Yoast SEO plugin v27.3 - https:\/\/yoast.com\/product\/yoast-seo-wordpress\/ -->\n<title>Griba - Contatto e Indirizzo<\/title>\n<meta name=\"description\" content=\"Vivaio Griba Contatto: Per noi \u00e8 molto importante essere in contatto con voi! La nostra sede si trova a Bolzano, al centro dell\u2019Alto Adige.\" \/>\n<meta name=\"robots\" content=\"index, follow, max-snippet:-1, max-image-preview:large, max-video-preview:-1\" \/>\n<link rel=\"canonical\" href=\"https:\/\/www.griba.it\/it\/contatto-e-indirizzo\/\" \/>\n<meta property=\"og:locale\" content=\"it_IT\" \/>\n<meta property=\"og:type\" content=\"article\" \/>\n<meta property=\"og:title\" content=\"Griba - Contatto e Indirizzo\" \/>\n<meta property=\"og:description\" content=\"Vivaio Griba Contatto: Per noi \u00e8 molto importante essere in contatto con voi! La nostra sede si trova a Bolzano, al centro dell\u2019Alto Adige.\" \/>\n<meta property=\"og:url\" content=\"https:\/\/www.griba.it\/it\/contatto-e-indirizzo\/\" \/>\n<meta property=\"og:site_name\" content=\"www.griba.it\" \/>\n<meta property=\"article:modified_time\" content=\"2026-02-03T14:48:32+00:00\" \/>\n<meta property=\"og:image\" content=\"https:\/\/www.griba.it\/wp-content\/uploads\/GRIBA-FOTO-OTTOBRE-2020-24-2.jpg\" \/>\n\t<meta property=\"og:image:width\" content=\"2260\" \/>\n\t<meta property=\"og:image:height\" content=\"1130\" \/>\n\t<meta property=\"og:image:type\" content=\"image\/jpeg\" \/>\n<script type=\"application\/ld+json\" class=\"yoast-schema-graph\">{\"@context\":\"https:\\\/\\\/schema.org\",\"@graph\":[{\"@type\":\"WebPage\",\"@id\":\"https:\\\/\\\/www.griba.it\\\/it\\\/contatto-e-indirizzo\\\/\",\"url\":\"https:\\\/\\\/www.griba.it\\\/it\\\/contatto-e-indirizzo\\\/\",\"name\":\"Griba - Contatto e Indirizzo\",\"isPartOf\":{\"@id\":\"https:\\\/\\\/www.griba.it\\\/it\\\/#website\"},\"primaryImageOfPage\":{\"@id\":\"https:\\\/\\\/www.griba.it\\\/it\\\/contatto-e-indirizzo\\\/#primaryimage\"},\"image\":{\"@id\":\"https:\\\/\\\/www.griba.it\\\/it\\\/contatto-e-indirizzo\\\/#primaryimage\"},\"thumbnailUrl\":\"https:\\\/\\\/i0.wp.com\\\/www.griba.it\\\/wp-content\\\/uploads\\\/GRIBA-FOTO-OTTOBRE-2020-24-2.jpg?fit=2260%2C1130&ssl=1\",\"datePublished\":\"2023-03-29T15:01:38+00:00\",\"dateModified\":\"2026-02-03T14:48:32+00:00\",\"description\":\"Vivaio Griba Contatto: Per noi \u00e8 molto importante essere in contatto con voi! La nostra sede si trova a Bolzano, al centro dell\u2019Alto Adige.\",\"breadcrumb\":{\"@id\":\"https:\\\/\\\/www.griba.it\\\/it\\\/contatto-e-indirizzo\\\/#breadcrumb\"},\"inLanguage\":\"it-IT\",\"potentialAction\":[{\"@type\":\"ReadAction\",\"target\":[\"https:\\\/\\\/www.griba.it\\\/it\\\/contatto-e-indirizzo\\\/\"]}]},{\"@type\":\"ImageObject\",\"inLanguage\":\"it-IT\",\"@id\":\"https:\\\/\\\/www.griba.it\\\/it\\\/contatto-e-indirizzo\\\/#primaryimage\",\"url\":\"https:\\\/\\\/i0.wp.com\\\/www.griba.it\\\/wp-content\\\/uploads\\\/GRIBA-FOTO-OTTOBRE-2020-24-2.jpg?fit=2260%2C1130&ssl=1\",\"contentUrl\":\"https:\\\/\\\/i0.wp.com\\\/www.griba.it\\\/wp-content\\\/uploads\\\/GRIBA-FOTO-OTTOBRE-2020-24-2.jpg?fit=2260%2C1130&ssl=1\",\"width\":2260,\"height\":1130,\"caption\":\"default\"},{\"@type\":\"BreadcrumbList\",\"@id\":\"https:\\\/\\\/www.griba.it\\\/it\\\/contatto-e-indirizzo\\\/#breadcrumb\",\"itemListElement\":[{\"@type\":\"ListItem\",\"position\":1,\"name\":\"Home\",\"item\":\"https:\\\/\\\/www.griba.it\\\/it\\\/\"},{\"@type\":\"ListItem\",\"position\":2,\"name\":\"Contatti e Indirizzo\"}]},{\"@type\":\"WebSite\",\"@id\":\"https:\\\/\\\/www.griba.it\\\/it\\\/#website\",\"url\":\"https:\\\/\\\/www.griba.it\\\/it\\\/\",\"name\":\"Griba - Qualit\u00e4ts Baumschule in S\u00fcdtirol \\\/ Italien\",\"description\":\"\",\"publisher\":{\"@id\":\"https:\\\/\\\/www.griba.it\\\/it\\\/#organization\"},\"potentialAction\":[{\"@type\":\"SearchAction\",\"target\":{\"@type\":\"EntryPoint\",\"urlTemplate\":\"https:\\\/\\\/www.griba.it\\\/it\\\/?s={search_term_string}\"},\"query-input\":{\"@type\":\"PropertyValueSpecification\",\"valueRequired\":true,\"valueName\":\"search_term_string\"}}],\"inLanguage\":\"it-IT\"},{\"@type\":\"Organization\",\"@id\":\"https:\\\/\\\/www.griba.it\\\/it\\\/#organization\",\"name\":\"Griba\",\"url\":\"https:\\\/\\\/www.griba.it\\\/it\\\/\",\"logo\":{\"@type\":\"ImageObject\",\"inLanguage\":\"it-IT\",\"@id\":\"https:\\\/\\\/www.griba.it\\\/it\\\/#\\\/schema\\\/logo\\\/image\\\/\",\"url\":\"https:\\\/\\\/i0.wp.com\\\/www.griba.it\\\/wp-content\\\/uploads\\\/logo.png?fit=145%2C106&ssl=1\",\"contentUrl\":\"https:\\\/\\\/i0.wp.com\\\/www.griba.it\\\/wp-content\\\/uploads\\\/logo.png?fit=145%2C106&ssl=1\",\"width\":145,\"height\":106,\"caption\":\"Griba\"},\"image\":{\"@id\":\"https:\\\/\\\/www.griba.it\\\/it\\\/#\\\/schema\\\/logo\\\/image\\\/\"}}]}<\/script>\n<!-- \/ Yoast SEO plugin. -->","yoast_head_json":{"title":"Griba - Contatto e Indirizzo","description":"Vivaio Griba Contatto: Per noi \u00e8 molto importante essere in contatto con voi! La nostra sede si trova a Bolzano, al centro dell\u2019Alto Adige.","robots":{"index":"index","follow":"follow","max-snippet":"max-snippet:-1","max-image-preview":"max-image-preview:large","max-video-preview":"max-video-preview:-1"},"canonical":"https:\/\/www.griba.it\/it\/contatto-e-indirizzo\/","og_locale":"it_IT","og_type":"article","og_title":"Griba - Contatto e Indirizzo","og_description":"Vivaio Griba Contatto: Per noi \u00e8 molto importante essere in contatto con voi! La nostra sede si trova a Bolzano, al centro dell\u2019Alto Adige.","og_url":"https:\/\/www.griba.it\/it\/contatto-e-indirizzo\/","og_site_name":"www.griba.it","article_modified_time":"2026-02-03T14:48:32+00:00","og_image":[{"width":2260,"height":1130,"url":"https:\/\/www.griba.it\/wp-content\/uploads\/GRIBA-FOTO-OTTOBRE-2020-24-2.jpg","type":"image\/jpeg"}],"schema":{"@context":"https:\/\/schema.org","@graph":[{"@type":"WebPage","@id":"https:\/\/www.griba.it\/it\/contatto-e-indirizzo\/","url":"https:\/\/www.griba.it\/it\/contatto-e-indirizzo\/","name":"Griba - Contatto e Indirizzo","isPartOf":{"@id":"https:\/\/www.griba.it\/it\/#website"},"primaryImageOfPage":{"@id":"https:\/\/www.griba.it\/it\/contatto-e-indirizzo\/#primaryimage"},"image":{"@id":"https:\/\/www.griba.it\/it\/contatto-e-indirizzo\/#primaryimage"},"thumbnailUrl":"https:\/\/i0.wp.com\/www.griba.it\/wp-content\/uploads\/GRIBA-FOTO-OTTOBRE-2020-24-2.jpg?fit=2260%2C1130&ssl=1","datePublished":"2023-03-29T15:01:38+00:00","dateModified":"2026-02-03T14:48:32+00:00","description":"Vivaio Griba Contatto: Per noi \u00e8 molto importante essere in contatto con voi! La nostra sede si trova a Bolzano, al centro dell\u2019Alto Adige.","breadcrumb":{"@id":"https:\/\/www.griba.it\/it\/contatto-e-indirizzo\/#breadcrumb"},"inLanguage":"it-IT","potentialAction":[{"@type":"ReadAction","target":["https:\/\/www.griba.it\/it\/contatto-e-indirizzo\/"]}]},{"@type":"ImageObject","inLanguage":"it-IT","@id":"https:\/\/www.griba.it\/it\/contatto-e-indirizzo\/#primaryimage","url":"https:\/\/i0.wp.com\/www.griba.it\/wp-content\/uploads\/GRIBA-FOTO-OTTOBRE-2020-24-2.jpg?fit=2260%2C1130&ssl=1","contentUrl":"https:\/\/i0.wp.com\/www.griba.it\/wp-content\/uploads\/GRIBA-FOTO-OTTOBRE-2020-24-2.jpg?fit=2260%2C1130&ssl=1","width":2260,"height":1130,"caption":"default"},{"@type":"BreadcrumbList","@id":"https:\/\/www.griba.it\/it\/contatto-e-indirizzo\/#breadcrumb","itemListElement":[{"@type":"ListItem","position":1,"name":"Home","item":"https:\/\/www.griba.it\/it\/"},{"@type":"ListItem","position":2,"name":"Contatti e Indirizzo"}]},{"@type":"WebSite","@id":"https:\/\/www.griba.it\/it\/#website","url":"https:\/\/www.griba.it\/it\/","name":"Griba - Qualit\u00e4ts Baumschule in S\u00fcdtirol \/ Italien","description":"","publisher":{"@id":"https:\/\/www.griba.it\/it\/#organization"},"potentialAction":[{"@type":"SearchAction","target":{"@type":"EntryPoint","urlTemplate":"https:\/\/www.griba.it\/it\/?s={search_term_string}"},"query-input":{"@type":"PropertyValueSpecification","valueRequired":true,"valueName":"search_term_string"}}],"inLanguage":"it-IT"},{"@type":"Organization","@id":"https:\/\/www.griba.it\/it\/#organization","name":"Griba","url":"https:\/\/www.griba.it\/it\/","logo":{"@type":"ImageObject","inLanguage":"it-IT","@id":"https:\/\/www.griba.it\/it\/#\/schema\/logo\/image\/","url":"https:\/\/i0.wp.com\/www.griba.it\/wp-content\/uploads\/logo.png?fit=145%2C106&ssl=1","contentUrl":"https:\/\/i0.wp.com\/www.griba.it\/wp-content\/uploads\/logo.png?fit=145%2C106&ssl=1","width":145,"height":106,"caption":"Griba"},"image":{"@id":"https:\/\/www.griba.it\/it\/#\/schema\/logo\/image\/"}}]}},"_links":{"self":[{"href":"https:\/\/www.griba.it\/it\/wp-json\/wp\/v2\/pages\/736","targetHints":{"allow":["GET"]}}],"collection":[{"href":"https:\/\/www.griba.it\/it\/wp-json\/wp\/v2\/pages"}],"about":[{"href":"https:\/\/www.griba.it\/it\/wp-json\/wp\/v2\/types\/page"}],"author":[{"embeddable":true,"href":"https:\/\/www.griba.it\/it\/wp-json\/wp\/v2\/users\/1"}],"replies":[{"embeddable":true,"href":"https:\/\/www.griba.it\/it\/wp-json\/wp\/v2\/comments?post=736"}],"version-history":[{"count":11,"href":"https:\/\/www.griba.it\/it\/wp-json\/wp\/v2\/pages\/736\/revisions"}],"predecessor-version":[{"id":2446,"href":"https:\/\/www.griba.it\/it\/wp-json\/wp\/v2\/pages\/736\/revisions\/2446"}],"wp:featuredmedia":[{"embeddable":true,"href":"https:\/\/www.griba.it\/it\/wp-json\/wp\/v2\/media\/493"}],"wp:attachment":[{"href":"https:\/\/www.griba.it\/it\/wp-json\/wp\/v2\/media?parent=736"}],"curies":[{"name":"wp","href":"https:\/\/api.w.org\/{rel}","templated":true}]}}