{"id":729,"date":"2023-03-29T17:01:31","date_gmt":"2023-03-29T15:01:31","guid":{"rendered":"https:\/\/www.griba.it\/beratung-und-verkauf\/"},"modified":"2023-12-05T15:15:10","modified_gmt":"2023-12-05T14:15:10","slug":"consulenza-e-vendita","status":"publish","type":"page","link":"https:\/\/www.griba.it\/it\/consulenza-e-vendita\/","title":{"rendered":"Consulenza e vendita"},"content":{"rendered":"<p>Oltre alla professionalit\u00e0, per noi sono molto importanti l&#8217;umanit\u00e0 e la personalit\u00e0. Rispondiamo individualmente ai desideri dei clienti e siamo felici di consigliare le nostre variet\u00e0. Le vendite orientate al cliente sono gestite dal nostro team. A tal fine, non ci limitiamo a viaggiare in paesi lontani, ma cerchiamo di servire il mercato di casa nostra, il bellissimo Alto Adige. Ogni prodotto \u00e8 creato da persone per persone, quindi possiamo affermare con orgoglio che ogni albero \u00e8 davvero unico.<\/p>\n<p>Con quasi 40 anni di esperienza nella produzione di frutta e un impegno costante nella ricerca e nello sviluppo, siamo sempre all&#8217;avanguardia nelle innovazioni di produzione e nelle nuove forme di allevamento, nelle nuove variet\u00e0, nelle macchine e nei frutteti.<\/p>\n","protected":false},"excerpt":{"rendered":"<p>Oltre alla professionalit\u00e0, per noi sono molto importanti l&#8217;umanit\u00e0 e la personalit\u00e0. Rispondiamo individualmente ai desideri dei clienti e siamo felici di consigliare le nostre variet\u00e0. Le vendite orientate al cliente sono gestite dal nostro team. A tal fine, non ci limitiamo a viaggiare in paesi lontani, ma cerchiamo di servire il mercato di casa [&hellip;]<\/p>\n","protected":false},"author":1,"featured_media":86,"parent":0,"menu_order":0,"comment_status":"closed","ping_status":"closed","template":"template-beratung-verkauf.php","meta":{"_acf_changed":false,"inline_featured_image":false,"footnotes":""},"class_list":["post-729","page","type-page","status-publish","has-post-thumbnail","hentry"],"acf":[],"yoast_head":"<!-- This site is optimized with the Yoast SEO plugin v26.7 - https:\/\/yoast.com\/wordpress\/plugins\/seo\/ -->\n<title>Griba Consulenza e vendita - Vicino al prodotto. Vicini al cliente<\/title>\n<meta name=\"description\" content=\"Griba Consulenza e vendita: GRIBA aiuta investitori internazionali nella progettazione, realizzazione e gestione dei loro impianti fruttiferi\" \/>\n<meta name=\"robots\" content=\"index, follow, max-snippet:-1, max-image-preview:large, max-video-preview:-1\" \/>\n<link rel=\"canonical\" href=\"https:\/\/www.griba.it\/it\/consulenza-e-vendita\/\" \/>\n<meta property=\"og:locale\" content=\"it_IT\" \/>\n<meta property=\"og:type\" content=\"article\" \/>\n<meta property=\"og:title\" content=\"Griba Consulenza e vendita - Vicino al prodotto. Vicini al cliente\" \/>\n<meta property=\"og:description\" content=\"Griba Consulenza e vendita: GRIBA aiuta investitori internazionali nella progettazione, realizzazione e gestione dei loro impianti fruttiferi\" \/>\n<meta property=\"og:url\" content=\"https:\/\/www.griba.it\/it\/consulenza-e-vendita\/\" \/>\n<meta property=\"og:site_name\" content=\"www.griba.it\" \/>\n<meta property=\"article:modified_time\" content=\"2023-12-05T14:15:10+00:00\" \/>\n<meta property=\"og:image\" content=\"https:\/\/www.griba.it\/wp-content\/uploads\/qualitaet_2.jpg\" \/>\n\t<meta property=\"og:image:width\" content=\"2000\" \/>\n\t<meta property=\"og:image:height\" content=\"1328\" \/>\n\t<meta property=\"og:image:type\" content=\"image\/jpeg\" \/>\n<script type=\"application\/ld+json\" class=\"yoast-schema-graph\">{\"@context\":\"https:\/\/schema.org\",\"@graph\":[{\"@type\":\"WebPage\",\"@id\":\"https:\/\/www.griba.it\/it\/consulenza-e-vendita\/\",\"url\":\"https:\/\/www.griba.it\/it\/consulenza-e-vendita\/\",\"name\":\"Griba Consulenza e vendita - Vicino al prodotto. Vicini al cliente\",\"isPartOf\":{\"@id\":\"https:\/\/www.griba.it\/it\/#website\"},\"primaryImageOfPage\":{\"@id\":\"https:\/\/www.griba.it\/it\/consulenza-e-vendita\/#primaryimage\"},\"image\":{\"@id\":\"https:\/\/www.griba.it\/it\/consulenza-e-vendita\/#primaryimage\"},\"thumbnailUrl\":\"https:\/\/i0.wp.com\/www.griba.it\/wp-content\/uploads\/qualitaet_2.jpg?fit=2000%2C1328&ssl=1\",\"datePublished\":\"2023-03-29T15:01:31+00:00\",\"dateModified\":\"2023-12-05T14:15:10+00:00\",\"description\":\"Griba Consulenza e vendita: GRIBA aiuta investitori internazionali nella progettazione, realizzazione e gestione dei loro impianti fruttiferi\",\"breadcrumb\":{\"@id\":\"https:\/\/www.griba.it\/it\/consulenza-e-vendita\/#breadcrumb\"},\"inLanguage\":\"it-IT\",\"potentialAction\":[{\"@type\":\"ReadAction\",\"target\":[\"https:\/\/www.griba.it\/it\/consulenza-e-vendita\/\"]}]},{\"@type\":\"ImageObject\",\"inLanguage\":\"it-IT\",\"@id\":\"https:\/\/www.griba.it\/it\/consulenza-e-vendita\/#primaryimage\",\"url\":\"https:\/\/i0.wp.com\/www.griba.it\/wp-content\/uploads\/qualitaet_2.jpg?fit=2000%2C1328&ssl=1\",\"contentUrl\":\"https:\/\/i0.wp.com\/www.griba.it\/wp-content\/uploads\/qualitaet_2.jpg?fit=2000%2C1328&ssl=1\",\"width\":2000,\"height\":1328,\"caption\":\"Griba Beratung und Verkauf\"},{\"@type\":\"BreadcrumbList\",\"@id\":\"https:\/\/www.griba.it\/it\/consulenza-e-vendita\/#breadcrumb\",\"itemListElement\":[{\"@type\":\"ListItem\",\"position\":1,\"name\":\"Home\",\"item\":\"https:\/\/www.griba.it\/it\/\"},{\"@type\":\"ListItem\",\"position\":2,\"name\":\"Consulenza e vendita\"}]},{\"@type\":\"WebSite\",\"@id\":\"https:\/\/www.griba.it\/it\/#website\",\"url\":\"https:\/\/www.griba.it\/it\/\",\"name\":\"Griba - Qualit\u00e4ts Baumschule in S\u00fcdtirol \/ Italien\",\"description\":\"\",\"publisher\":{\"@id\":\"https:\/\/www.griba.it\/it\/#organization\"},\"potentialAction\":[{\"@type\":\"SearchAction\",\"target\":{\"@type\":\"EntryPoint\",\"urlTemplate\":\"https:\/\/www.griba.it\/it\/?s={search_term_string}\"},\"query-input\":{\"@type\":\"PropertyValueSpecification\",\"valueRequired\":true,\"valueName\":\"search_term_string\"}}],\"inLanguage\":\"it-IT\"},{\"@type\":\"Organization\",\"@id\":\"https:\/\/www.griba.it\/it\/#organization\",\"name\":\"Griba\",\"url\":\"https:\/\/www.griba.it\/it\/\",\"logo\":{\"@type\":\"ImageObject\",\"inLanguage\":\"it-IT\",\"@id\":\"https:\/\/www.griba.it\/it\/#\/schema\/logo\/image\/\",\"url\":\"https:\/\/i0.wp.com\/www.griba.it\/wp-content\/uploads\/logo.png?fit=145%2C106&ssl=1\",\"contentUrl\":\"https:\/\/i0.wp.com\/www.griba.it\/wp-content\/uploads\/logo.png?fit=145%2C106&ssl=1\",\"width\":145,\"height\":106,\"caption\":\"Griba\"},\"image\":{\"@id\":\"https:\/\/www.griba.it\/it\/#\/schema\/logo\/image\/\"}}]}<\/script>\n<!-- \/ Yoast SEO plugin. -->","yoast_head_json":{"title":"Griba Consulenza e vendita - Vicino al prodotto. Vicini al cliente","description":"Griba Consulenza e vendita: GRIBA aiuta investitori internazionali nella progettazione, realizzazione e gestione dei loro impianti fruttiferi","robots":{"index":"index","follow":"follow","max-snippet":"max-snippet:-1","max-image-preview":"max-image-preview:large","max-video-preview":"max-video-preview:-1"},"canonical":"https:\/\/www.griba.it\/it\/consulenza-e-vendita\/","og_locale":"it_IT","og_type":"article","og_title":"Griba Consulenza e vendita - Vicino al prodotto. Vicini al cliente","og_description":"Griba Consulenza e vendita: GRIBA aiuta investitori internazionali nella progettazione, realizzazione e gestione dei loro impianti fruttiferi","og_url":"https:\/\/www.griba.it\/it\/consulenza-e-vendita\/","og_site_name":"www.griba.it","article_modified_time":"2023-12-05T14:15:10+00:00","og_image":[{"width":2000,"height":1328,"url":"https:\/\/www.griba.it\/wp-content\/uploads\/qualitaet_2.jpg","type":"image\/jpeg"}],"schema":{"@context":"https:\/\/schema.org","@graph":[{"@type":"WebPage","@id":"https:\/\/www.griba.it\/it\/consulenza-e-vendita\/","url":"https:\/\/www.griba.it\/it\/consulenza-e-vendita\/","name":"Griba Consulenza e vendita - Vicino al prodotto. Vicini al cliente","isPartOf":{"@id":"https:\/\/www.griba.it\/it\/#website"},"primaryImageOfPage":{"@id":"https:\/\/www.griba.it\/it\/consulenza-e-vendita\/#primaryimage"},"image":{"@id":"https:\/\/www.griba.it\/it\/consulenza-e-vendita\/#primaryimage"},"thumbnailUrl":"https:\/\/i0.wp.com\/www.griba.it\/wp-content\/uploads\/qualitaet_2.jpg?fit=2000%2C1328&ssl=1","datePublished":"2023-03-29T15:01:31+00:00","dateModified":"2023-12-05T14:15:10+00:00","description":"Griba Consulenza e vendita: GRIBA aiuta investitori internazionali nella progettazione, realizzazione e gestione dei loro impianti fruttiferi","breadcrumb":{"@id":"https:\/\/www.griba.it\/it\/consulenza-e-vendita\/#breadcrumb"},"inLanguage":"it-IT","potentialAction":[{"@type":"ReadAction","target":["https:\/\/www.griba.it\/it\/consulenza-e-vendita\/"]}]},{"@type":"ImageObject","inLanguage":"it-IT","@id":"https:\/\/www.griba.it\/it\/consulenza-e-vendita\/#primaryimage","url":"https:\/\/i0.wp.com\/www.griba.it\/wp-content\/uploads\/qualitaet_2.jpg?fit=2000%2C1328&ssl=1","contentUrl":"https:\/\/i0.wp.com\/www.griba.it\/wp-content\/uploads\/qualitaet_2.jpg?fit=2000%2C1328&ssl=1","width":2000,"height":1328,"caption":"Griba Beratung und Verkauf"},{"@type":"BreadcrumbList","@id":"https:\/\/www.griba.it\/it\/consulenza-e-vendita\/#breadcrumb","itemListElement":[{"@type":"ListItem","position":1,"name":"Home","item":"https:\/\/www.griba.it\/it\/"},{"@type":"ListItem","position":2,"name":"Consulenza e vendita"}]},{"@type":"WebSite","@id":"https:\/\/www.griba.it\/it\/#website","url":"https:\/\/www.griba.it\/it\/","name":"Griba - Qualit\u00e4ts Baumschule in S\u00fcdtirol \/ Italien","description":"","publisher":{"@id":"https:\/\/www.griba.it\/it\/#organization"},"potentialAction":[{"@type":"SearchAction","target":{"@type":"EntryPoint","urlTemplate":"https:\/\/www.griba.it\/it\/?s={search_term_string}"},"query-input":{"@type":"PropertyValueSpecification","valueRequired":true,"valueName":"search_term_string"}}],"inLanguage":"it-IT"},{"@type":"Organization","@id":"https:\/\/www.griba.it\/it\/#organization","name":"Griba","url":"https:\/\/www.griba.it\/it\/","logo":{"@type":"ImageObject","inLanguage":"it-IT","@id":"https:\/\/www.griba.it\/it\/#\/schema\/logo\/image\/","url":"https:\/\/i0.wp.com\/www.griba.it\/wp-content\/uploads\/logo.png?fit=145%2C106&ssl=1","contentUrl":"https:\/\/i0.wp.com\/www.griba.it\/wp-content\/uploads\/logo.png?fit=145%2C106&ssl=1","width":145,"height":106,"caption":"Griba"},"image":{"@id":"https:\/\/www.griba.it\/it\/#\/schema\/logo\/image\/"}}]}},"_links":{"self":[{"href":"https:\/\/www.griba.it\/it\/wp-json\/wp\/v2\/pages\/729","targetHints":{"allow":["GET"]}}],"collection":[{"href":"https:\/\/www.griba.it\/it\/wp-json\/wp\/v2\/pages"}],"about":[{"href":"https:\/\/www.griba.it\/it\/wp-json\/wp\/v2\/types\/page"}],"author":[{"embeddable":true,"href":"https:\/\/www.griba.it\/it\/wp-json\/wp\/v2\/users\/1"}],"replies":[{"embeddable":true,"href":"https:\/\/www.griba.it\/it\/wp-json\/wp\/v2\/comments?post=729"}],"version-history":[{"count":7,"href":"https:\/\/www.griba.it\/it\/wp-json\/wp\/v2\/pages\/729\/revisions"}],"predecessor-version":[{"id":1626,"href":"https:\/\/www.griba.it\/it\/wp-json\/wp\/v2\/pages\/729\/revisions\/1626"}],"wp:featuredmedia":[{"embeddable":true,"href":"https:\/\/www.griba.it\/it\/wp-json\/wp\/v2\/media\/86"}],"wp:attachment":[{"href":"https:\/\/www.griba.it\/it\/wp-json\/wp\/v2\/media?parent=729"}],"curies":[{"name":"wp","href":"https:\/\/api.w.org\/{rel}","templated":true}]}}